{"id":3127,"date":"2021-06-21T17:34:05","date_gmt":"2021-06-21T17:34:05","guid":{"rendered":"https:\/\/www.onelovevillas.com\/?post_type=product&#038;p=3127"},"modified":"2021-08-19T21:04:45","modified_gmt":"2021-08-19T21:04:45","slug":"kreolas-punch-excursions","status":"publish","type":"product","link":"https:\/\/www.onelovevillas.com\/fr\/produit\/kreolas-punch-excursions\/","title":{"rendered":"BALADE DU NORD"},"content":{"rendered":"<p>Le Jardin de Pamplemousses\navec ses N\u00e9nuphars G\u00e9ants et ses vari\u00e9t\u00e9s de Palmiers. Le jardin abrite pas moins de 500 esp\u00e8ces de plantes end\u00e9miques et exotiques.<\/p>\n<p>Le Fort Ad\u00e9la\u00efde aussi connu comme La Citadelle fut construit pour prot\u00e9ger Port Louis des \u00e9meutes et offre une vue imprenable sur la ville.<\/p>\n<p>Le March\u00e9 de Port Louis , aussi appel\u00e9 Bazar qui est authentique et anim\u00e9 avec les diff\u00e9rents \u00e9tals de fruits exotiques et d \u2019\u00e9pices est le lieu de vie par excellence des mauriciens.<\/p>\n<p>La demi journ\u00e9e se prolonge avec un d\u00e9jeuner chez Tante Athalie, L'Aventure du Sucre et Cap\nMalheureux.<\/p>\n<p>Chez Tante Athalie est un restaurant atypique et plein de charme, l'accueil est bienveillant et chaleureux et la nourriture mauricienne cr\u00e9ole y est excellente. Le cadre, lui, est juste incroyable car vous avez l'impression que le temps s'est arr\u00eat\u00e9 , aussi bien \u00e0 l'int\u00e9rieur qu\u2019\u00e0  l'ext\u00e9rieur gr\u00e2ce \u00e0 la pr\u00e9sence de voitures de collections.<\/p>\n<p>L'Aventure du sucre est une ancienne sucrerie reconvertie en un mus\u00e9e \u00e9cologique o\u00f9 vous apprendrez l'histoire du sucre et sa contribution au d\u00e9veloppement de l\u2019\u00eele et la visite se termine par une d\u00e9gustation de sucre et de rhum.<\/p>\n<p>Cap Malheureux est un village de p\u00eacheurs, paisible et pittoresque, vous pourrez prendre de belles photos \u00e0 la chapelle du village tr\u00e8s connue avec son toit rouge, offrant une vue magnifique sur le Coin de Mire et d'autres \u00eeles dans les environs.<\/p>\n<p>Ce qu'il faut apporter : Nous vous sugg\u00e9rons une bouteille d'eau, des chaussures confortables et du r\u00e9pulsif pour les moustiques.<br \/>\n\u00c0 noter que Cap Malheureux ne fait pas parti de l'itin\u00e9raire des h\u00f4tels du Sud.<\/p>\n<p><strong>Tarifs<\/strong><\/p>\n<p><em>Adulte: 105 Euros<\/em><br \/>\n<em>Enfant: 77 Euros<\/em><\/p>","protected":false},"excerpt":{"rendered":"<p>The Pamplemousses Garden with its Giant Water Lilies and its varieties of Palm trees. The garden is home to no less than 500 species of endemic and exotic plants. Fort Adelaide also known as &#8220;The Citadel&#8221; was built to protect [&hellip;]<\/p>","protected":false},"featured_media":3244,"comment_status":"open","ping_status":"closed","template":"","meta":[],"product_brand":[],"product_cat":[41],"product_tag":[],"class_list":{"0":"post-3127","1":"product","2":"type-product","3":"status-publish","4":"has-post-thumbnail","6":"product_cat-excursion","8":"first","9":"instock","10":"shipping-taxable","11":"product-type-simple"},"jetpack_sharing_enabled":true,"_links":{"self":[{"href":"https:\/\/www.onelovevillas.com\/fr\/wp-json\/wp\/v2\/product\/3127","targetHints":{"allow":["GET"]}}],"collection":[{"href":"https:\/\/www.onelovevillas.com\/fr\/wp-json\/wp\/v2\/product"}],"about":[{"href":"https:\/\/www.onelovevillas.com\/fr\/wp-json\/wp\/v2\/types\/product"}],"replies":[{"embeddable":true,"href":"https:\/\/www.onelovevillas.com\/fr\/wp-json\/wp\/v2\/comments?post=3127"}],"wp:featuredmedia":[{"embeddable":true,"href":"https:\/\/www.onelovevillas.com\/fr\/wp-json\/wp\/v2\/media\/3244"}],"wp:attachment":[{"href":"https:\/\/www.onelovevillas.com\/fr\/wp-json\/wp\/v2\/media?parent=3127"}],"wp:term":[{"taxonomy":"product_brand","embeddable":true,"href":"https:\/\/www.onelovevillas.com\/fr\/wp-json\/wp\/v2\/product_brand?post=3127"},{"taxonomy":"product_cat","embeddable":true,"href":"https:\/\/www.onelovevillas.com\/fr\/wp-json\/wp\/v2\/product_cat?post=3127"},{"taxonomy":"product_tag","embeddable":true,"href":"https:\/\/www.onelovevillas.com\/fr\/wp-json\/wp\/v2\/product_tag?post=3127"}],"curies":[{"name":"wp","href":"https:\/\/api.w.org\/{rel}","templated":true}]}}