{"id":3125,"date":"2021-06-21T17:24:00","date_gmt":"2021-06-21T17:24:00","guid":{"rendered":"https:\/\/www.onelovevillas.com\/?post_type=product&#038;p=3125"},"modified":"2021-08-19T21:06:21","modified_gmt":"2021-08-19T21:06:21","slug":"excursions-contraste-et-nuances","status":"publish","type":"product","link":"https:\/\/www.onelovevillas.com\/fr\/produit\/excursions-contraste-et-nuances\/","title":{"rendered":"BALADE DU SUD"},"content":{"rendered":"<p>Une excursion incontournable ax\u00e9e sur la d\u00e9couverte des paysages int\u00e9rieurs pittoresques du sud de l'\u00eele incluant:<\/p>\n<p>Le Trou aux Cerfs au centre de l'ile, ancien crat\u00e8re qui surplombe la ville de Curepipe<br \/>\nVoiliers de l'oc\u00e9an atelier de fabrication des Maquettes de bateaux qui repr\u00e9sente l'artisanat de L'ile Maurice, le bois travaill\u00e9 \u00e0 la main produisant ces bateaux exceptionnels.<\/p>\n<p>Grand Bassin un lac sacr\u00e9 situ\u00e9 au milieu des montagnes entour \u00e9 es des temples et lieu de p\u00e8lerinage de la communaut\u00e9 hindoue avec les statues de Shiva et Durga mesurant plus de 30 m\u00e8tres<\/p>\n<p>Les Gorges de la Rivi\u00e8re Noire avec 6,500 hectares de for\u00eat proclam\u00e9e le plus grand parc national de l'\u00eele, qui est aussi le refuge des esp\u00e8ces end\u00e9miques de la faune et de la flore mauricienne.<\/p>\n<p>Rhumerie de Chamarel une visite guid\u00e9e de la Rhumerie de Chamarel pour apprendre davantage sur la fermentation et la distillation des rhums agricoles, puis une d\u00e9gustation vous sera propos\u00e9 . Un d\u00e9jeuner au restaurant haut de gamme L'Alchimiste vous attend avec un menu unique, pr\u00e9par\u00e9 avec des produits locaux<\/p>\n<p>Terres de 7 couleurs L'incontournable terre de couleurs, d origine volcanique cr\u00e9\u00e9 par la lave, qui en refroidissant \u00e0 diff\u00e9rentes temp\u00e9ratures \u00e0 donner plusieurs couleurs \u00e0 la terre qui vous surprendront. Au chemin retour vous aurez une tr\u00e8s belle vue panoramique de la c\u00f4te Ouest avec la montagne du Morne et l'ile aux B\u00e9nitiers que vous allez surplomber.<br \/>\nCe qu'il faut apporter: Nous vous sugg\u00e9rons une bouteille d eau, des chaussures confortables, les \u00e9paules couvertes et du r\u00e9pulsif pour les moustiques.<\/p>\n<p>&nbsp;<\/p>\n<p><strong>Tarifs<\/strong><\/p>\n<p><em>Adulte: 110 Euros<\/em><br \/>\n<em>Enfant: 90 Euros<\/em><\/p>","protected":false},"excerpt":{"rendered":"<p>An unmissable excursion focused on discovering the picturesque interior landscapes of the south of the island including: Le Trou aux Cerfs &#8211; in the center of the island, a former crater overlooking the town of Curepipe Voiliers de l&#8217;Oc\u00e9an &#8211; [&hellip;]<\/p>","protected":false},"featured_media":3246,"comment_status":"open","ping_status":"closed","template":"","meta":[],"product_brand":[],"product_cat":[41],"product_tag":[],"class_list":{"0":"post-3125","1":"product","2":"type-product","3":"status-publish","4":"has-post-thumbnail","6":"product_cat-excursion","8":"first","9":"instock","10":"shipping-taxable","11":"product-type-simple"},"jetpack_sharing_enabled":true,"_links":{"self":[{"href":"https:\/\/www.onelovevillas.com\/fr\/wp-json\/wp\/v2\/product\/3125","targetHints":{"allow":["GET"]}}],"collection":[{"href":"https:\/\/www.onelovevillas.com\/fr\/wp-json\/wp\/v2\/product"}],"about":[{"href":"https:\/\/www.onelovevillas.com\/fr\/wp-json\/wp\/v2\/types\/product"}],"replies":[{"embeddable":true,"href":"https:\/\/www.onelovevillas.com\/fr\/wp-json\/wp\/v2\/comments?post=3125"}],"wp:featuredmedia":[{"embeddable":true,"href":"https:\/\/www.onelovevillas.com\/fr\/wp-json\/wp\/v2\/media\/3246"}],"wp:attachment":[{"href":"https:\/\/www.onelovevillas.com\/fr\/wp-json\/wp\/v2\/media?parent=3125"}],"wp:term":[{"taxonomy":"product_brand","embeddable":true,"href":"https:\/\/www.onelovevillas.com\/fr\/wp-json\/wp\/v2\/product_brand?post=3125"},{"taxonomy":"product_cat","embeddable":true,"href":"https:\/\/www.onelovevillas.com\/fr\/wp-json\/wp\/v2\/product_cat?post=3125"},{"taxonomy":"product_tag","embeddable":true,"href":"https:\/\/www.onelovevillas.com\/fr\/wp-json\/wp\/v2\/product_tag?post=3125"}],"curies":[{"name":"wp","href":"https:\/\/api.w.org\/{rel}","templated":true}]}}