{"id":3115,"date":"2021-05-28T20:49:01","date_gmt":"2021-05-28T20:49:01","guid":{"rendered":"https:\/\/www.onelovevillas.com\/?post_type=product&#038;p=3115"},"modified":"2021-05-28T20:49:01","modified_gmt":"2021-05-28T20:49:01","slug":"crystal-dream-8hrs-trip","status":"publish","type":"product","link":"https:\/\/www.onelovevillas.com\/fr\/produit\/crystal-dream-8hrs-trip\/","title":{"rendered":"Crystal Dream \u2013 8hrs de voyage"},"content":{"rendered":"<table border=\"0\" width=\"285\" cellspacing=\"0\" cellpadding=\"0\">\n<colgroup>\n<col width=\"285\" \/><\/colgroup>\n<tbody>\n<tr>\n<td class=\"xl66\" width=\"285\" height=\"21\"><strong>Itin\u00e9raire<\/strong><\/td>\n<\/tr>\n<\/tbody>\n<\/table>\n<ul>\n<li>Embarquement \u00e0 8h30, Anna Beach, FEF.<\/li>\n<li>Itin\u00e9raire et briefing de s\u00e9curit\u00e9 par l'\u00e9quipage.<\/li>\n<li>Propre mat\u00e9riel de plong\u00e9e en apn\u00e9e recommand\u00e9<\/li>\n<li>Baignade avec les dauphins pendant la 1\u00e8re heure.<\/li>\n<li>Temps de snorkeling \u00e0 La Preneuse.<\/li>\n<li>Ap\u00e9ritif servi \u00e0 bord. D\u00e9jeuner sur la plage de l'\u00eele de B\u00e9nitiers.<\/li>\n<li>Arr\u00eat pour une baignade au Rocher de Cristal.<\/li>\n<li>Retour \u00e0 Flic en Flac \u00e0 16h30.<\/li>\n<\/ul>","protected":false},"excerpt":{"rendered":"<p>La c\u00f4te ouest a tellement de choses \u00e0 montrer ! Et nous sommes impatients de vous les montrer ! Rejoignez-nous avec votre famille et vos amis !<\/p>","protected":false},"featured_media":3116,"comment_status":"open","ping_status":"closed","template":"","meta":[],"product_brand":[],"product_cat":[40],"product_tag":[],"class_list":{"0":"post-3115","1":"product","2":"type-product","3":"status-publish","4":"has-post-thumbnail","6":"product_cat-sea-trip","8":"first","9":"instock","10":"shipping-taxable","11":"product-type-simple"},"jetpack_sharing_enabled":true,"_links":{"self":[{"href":"https:\/\/www.onelovevillas.com\/fr\/wp-json\/wp\/v2\/product\/3115","targetHints":{"allow":["GET"]}}],"collection":[{"href":"https:\/\/www.onelovevillas.com\/fr\/wp-json\/wp\/v2\/product"}],"about":[{"href":"https:\/\/www.onelovevillas.com\/fr\/wp-json\/wp\/v2\/types\/product"}],"replies":[{"embeddable":true,"href":"https:\/\/www.onelovevillas.com\/fr\/wp-json\/wp\/v2\/comments?post=3115"}],"wp:featuredmedia":[{"embeddable":true,"href":"https:\/\/www.onelovevillas.com\/fr\/wp-json\/wp\/v2\/media\/3116"}],"wp:attachment":[{"href":"https:\/\/www.onelovevillas.com\/fr\/wp-json\/wp\/v2\/media?parent=3115"}],"wp:term":[{"taxonomy":"product_brand","embeddable":true,"href":"https:\/\/www.onelovevillas.com\/fr\/wp-json\/wp\/v2\/product_brand?post=3115"},{"taxonomy":"product_cat","embeddable":true,"href":"https:\/\/www.onelovevillas.com\/fr\/wp-json\/wp\/v2\/product_cat?post=3115"},{"taxonomy":"product_tag","embeddable":true,"href":"https:\/\/www.onelovevillas.com\/fr\/wp-json\/wp\/v2\/product_tag?post=3115"}],"curies":[{"name":"wp","href":"https:\/\/api.w.org\/{rel}","templated":true}]}}