{"id":3110,"date":"2021-05-28T20:45:53","date_gmt":"2021-05-28T20:45:53","guid":{"rendered":"https:\/\/www.onelovevillas.com\/?post_type=product&#038;p=3110"},"modified":"2021-05-28T20:45:54","modified_gmt":"2021-05-28T20:45:54","slug":"brunch-at-sea-4hrs-trip","status":"publish","type":"product","link":"https:\/\/www.onelovevillas.com\/fr\/produit\/brunch-at-sea-4hrs-trip\/","title":{"rendered":"Brunch en mer - 4 H de voyage"},"content":{"rendered":"<table border=\"0\" width=\"285\" cellspacing=\"0\" cellpadding=\"0\">\n<tbody>\n<tr>\n<td class=\"xl66\" width=\"285\" height=\"21\"><strong>Itin\u00e9raire<\/strong><\/td>\n<\/tr>\n<\/tbody>\n<\/table>\n<ul>\n<li>Embarquement \u00e0 8h30, Anna Beach, FEF.<\/li>\n<li>Itin\u00e9raire et briefing de s\u00e9curit\u00e9 par l'\u00e9quipage.<\/li>\n<li>Il est recommand\u00e9 d'avoir son propre \u00e9quipement de plong\u00e9e en apn\u00e9e.<\/li>\n<li>Baignade avec les dauphins pendant la 1\u00e8re heure.<\/li>\n<li>Temps de snorkeling le long du r\u00e9cif de FEF.<\/li>\n<li>Petit-d\u00e9jeuner anglais complet \u00e0 bord.<\/li>\n<li>Brunch v\u00e9g\u00e9tarien disponible.<\/li>\n<li>Retour \u00e0 Flic en Flac \u00e0 12h30.<\/li>\n<\/ul>","protected":false},"excerpt":{"rendered":"<p>La c\u00f4te ouest a tellement de choses \u00e0 montrer ! Et nous sommes impatients de vous les montrer ! Rejoignez-nous avec votre famille et vos amis !<\/p>","protected":false},"featured_media":3113,"comment_status":"open","ping_status":"closed","template":"","meta":[],"product_brand":[],"product_cat":[40],"product_tag":[],"class_list":{"0":"post-3110","1":"product","2":"type-product","3":"status-publish","4":"has-post-thumbnail","6":"product_cat-sea-trip","8":"first","9":"instock","10":"shipping-taxable","11":"product-type-simple"},"jetpack_sharing_enabled":true,"_links":{"self":[{"href":"https:\/\/www.onelovevillas.com\/fr\/wp-json\/wp\/v2\/product\/3110","targetHints":{"allow":["GET"]}}],"collection":[{"href":"https:\/\/www.onelovevillas.com\/fr\/wp-json\/wp\/v2\/product"}],"about":[{"href":"https:\/\/www.onelovevillas.com\/fr\/wp-json\/wp\/v2\/types\/product"}],"replies":[{"embeddable":true,"href":"https:\/\/www.onelovevillas.com\/fr\/wp-json\/wp\/v2\/comments?post=3110"}],"wp:featuredmedia":[{"embeddable":true,"href":"https:\/\/www.onelovevillas.com\/fr\/wp-json\/wp\/v2\/media\/3113"}],"wp:attachment":[{"href":"https:\/\/www.onelovevillas.com\/fr\/wp-json\/wp\/v2\/media?parent=3110"}],"wp:term":[{"taxonomy":"product_brand","embeddable":true,"href":"https:\/\/www.onelovevillas.com\/fr\/wp-json\/wp\/v2\/product_brand?post=3110"},{"taxonomy":"product_cat","embeddable":true,"href":"https:\/\/www.onelovevillas.com\/fr\/wp-json\/wp\/v2\/product_cat?post=3110"},{"taxonomy":"product_tag","embeddable":true,"href":"https:\/\/www.onelovevillas.com\/fr\/wp-json\/wp\/v2\/product_tag?post=3110"}],"curies":[{"name":"wp","href":"https:\/\/api.w.org\/{rel}","templated":true}]}}