{"id":3105,"date":"2021-05-28T20:40:00","date_gmt":"2021-05-28T20:40:00","guid":{"rendered":"https:\/\/www.onelovevillas.com\/?post_type=product&#038;p=3105"},"modified":"2021-05-28T20:41:43","modified_gmt":"2021-05-28T20:41:43","slug":"dolphin-expedition-2hrs-trip","status":"publish","type":"product","link":"https:\/\/www.onelovevillas.com\/fr\/produit\/dolphin-expedition-2hrs-trip\/","title":{"rendered":"Exp\u00e9dition des dauphins \u2013 2hrs de voyage"},"content":{"rendered":"<p>Le must sur la c\u00f4te ouest est de nager avec les dauphins en libert\u00e9. Cette excursion de 2 heures vous permettra d'entrer en contact avec le monde marin.<\/p>\n<p><strong>1-4 personnes : Rs 4,000<\/strong><\/p>\n<p><strong>Itin\u00e9raire<\/strong><\/p>\n<ul>\n<li>Embarquement \u00e0 08h30, Anna Beach, FEF.<\/li>\n<li>Itin\u00e9raire et briefing de s\u00e9curit\u00e9 par l'\u00e9quipage.<\/li>\n<li>Il est recommand\u00e9 d'avoir son propre \u00e9quipement de plong\u00e9e en apn\u00e9e.<\/li>\n<li>Pancakes, caf\u00e9, jus de fruits, eau inclus.<\/li>\n<li>Retour \u00e0 Flic en Flac \u00e0 10h30.<\/li>\n<\/ul>","protected":false},"excerpt":{"rendered":"<p>Le must de la c\u00f4te ouest est de nager avec les dauphins en libert\u00e9. Cette excursion de 2 heures vous permettra d'entrer en contact avec le monde marin.<\/p>","protected":false},"featured_media":3106,"comment_status":"open","ping_status":"closed","template":"","meta":[],"product_brand":[],"product_cat":[40],"product_tag":[],"class_list":{"0":"post-3105","1":"product","2":"type-product","3":"status-publish","4":"has-post-thumbnail","6":"product_cat-sea-trip","8":"first","9":"instock","10":"shipping-taxable","11":"product-type-simple"},"jetpack_sharing_enabled":true,"_links":{"self":[{"href":"https:\/\/www.onelovevillas.com\/fr\/wp-json\/wp\/v2\/product\/3105","targetHints":{"allow":["GET"]}}],"collection":[{"href":"https:\/\/www.onelovevillas.com\/fr\/wp-json\/wp\/v2\/product"}],"about":[{"href":"https:\/\/www.onelovevillas.com\/fr\/wp-json\/wp\/v2\/types\/product"}],"replies":[{"embeddable":true,"href":"https:\/\/www.onelovevillas.com\/fr\/wp-json\/wp\/v2\/comments?post=3105"}],"wp:featuredmedia":[{"embeddable":true,"href":"https:\/\/www.onelovevillas.com\/fr\/wp-json\/wp\/v2\/media\/3106"}],"wp:attachment":[{"href":"https:\/\/www.onelovevillas.com\/fr\/wp-json\/wp\/v2\/media?parent=3105"}],"wp:term":[{"taxonomy":"product_brand","embeddable":true,"href":"https:\/\/www.onelovevillas.com\/fr\/wp-json\/wp\/v2\/product_brand?post=3105"},{"taxonomy":"product_cat","embeddable":true,"href":"https:\/\/www.onelovevillas.com\/fr\/wp-json\/wp\/v2\/product_cat?post=3105"},{"taxonomy":"product_tag","embeddable":true,"href":"https:\/\/www.onelovevillas.com\/fr\/wp-json\/wp\/v2\/product_tag?post=3105"}],"curies":[{"name":"wp","href":"https:\/\/api.w.org\/{rel}","templated":true}]}}